{"id":180,"date":"2025-09-16T11:03:05","date_gmt":"2025-09-16T08:03:05","guid":{"rendered":"https:\/\/echomar.com\/contracted-institutions\/"},"modified":"2025-09-16T11:03:05","modified_gmt":"2025-09-16T08:03:05","slug":"contracted-institutions","status":"publish","type":"page","link":"https:\/\/echomar.com\/en\/contracted-institutions\/","title":{"rendered":"Contracted Institutions"},"content":{"rendered":"\n\t\t<style type=\"text\/css\">\n\t\t\t#gallery-1 {\n\t\t\t\tmargin: auto;\n\t\t\t}\n\t\t\t#gallery-1 .gallery-item {\n\t\t\t\tfloat: left;\n\t\t\t\tmargin-top: 10px;\n\t\t\t\ttext-align: center;\n\t\t\t\twidth: 33%;\n\t\t\t}\n\t\t\t#gallery-1 img {\n\t\t\t\tborder: 2px solid #cfcfcf;\n\t\t\t}\n\t\t\t#gallery-1 .gallery-caption {\n\t\t\t\tmargin-left: 0;\n\t\t\t}\n\t\t\t\/* see gallery_shortcode() in wp-includes\/media.php *\/\n\t\t<\/style>\n\t\t<div id='gallery-1' class='gallery galleryid-180 gallery-columns-3 gallery-size-large'><dl class='gallery-item'>\n\t\t\t<dt class='gallery-icon landscape'>\n\t\t\t\t<a href='https:\/\/echomar.com\/en\/contracted-institutions\/demirhayatsigorta-2\/'><img loading=\"lazy\" decoding=\"async\" width=\"230\" height=\"110\" src=\"https:\/\/echomar.com\/wp-content\/uploads\/2025\/09\/demirhayatsigorta.jpg\" class=\"attachment-large size-large\" alt=\"\" \/><\/a>\n\t\t\t<\/dt><\/dl><dl class='gallery-item'>\n\t\t\t<dt class='gallery-icon landscape'>\n\t\t\t\t<a href='https:\/\/echomar.com\/en\/contracted-institutions\/zurich2-2\/'><img loading=\"lazy\" decoding=\"async\" width=\"229\" height=\"110\" src=\"https:\/\/echomar.com\/wp-content\/uploads\/2025\/09\/zurich2.jpg\" class=\"attachment-large size-large\" alt=\"\" \/><\/a>\n\t\t\t<\/dt><\/dl><dl class='gallery-item'>\n\t\t\t<dt class='gallery-icon landscape'>\n\t\t\t\t<a href='https:\/\/echomar.com\/en\/contracted-institutions\/print-2-2\/'><img loading=\"lazy\" decoding=\"async\" width=\"230\" height=\"110\" src=\"https:\/\/echomar.com\/wp-content\/uploads\/2025\/09\/eureko_logo.jpg\" class=\"attachment-large size-large\" alt=\"\" \/><\/a>\n\t\t\t<\/dt><\/dl><br style=\"clear: both\" \/><dl class='gallery-item'>\n\t\t\t<dt class='gallery-icon landscape'>\n\t\t\t\t<a href='https:\/\/echomar.com\/en\/contracted-institutions\/generali-sigorta-s-2\/'><img loading=\"lazy\" decoding=\"async\" width=\"230\" height=\"110\" src=\"https:\/\/echomar.com\/wp-content\/uploads\/2025\/09\/generali-sigorta.s.jpg\" class=\"attachment-large size-large\" alt=\"\" \/><\/a>\n\t\t\t<\/dt><\/dl><dl class='gallery-item'>\n\t\t\t<dt class='gallery-icon landscape'>\n\t\t\t\t<a href='https:\/\/echomar.com\/en\/mapfre-genel-sigorta-2\/'><img loading=\"lazy\" decoding=\"async\" width=\"230\" height=\"110\" src=\"https:\/\/echomar.com\/wp-content\/uploads\/2025\/09\/mapfre-genel-sigorta.jpg\" class=\"attachment-large size-large\" alt=\"\" \/><\/a>\n\t\t\t<\/dt><\/dl><dl class='gallery-item'>\n\t\t\t<dt class='gallery-icon landscape'>\n\t\t\t\t<a href='https:\/\/echomar.com\/en\/ak-sigorta-logo-2\/'><img loading=\"lazy\" decoding=\"async\" width=\"230\" height=\"110\" src=\"https:\/\/echomar.com\/wp-content\/uploads\/2025\/09\/ak-sigorta-logo.jpg\" class=\"attachment-large size-large\" alt=\"\" \/><\/a>\n\t\t\t<\/dt><\/dl><br style=\"clear: both\" \/><dl class='gallery-item'>\n\t\t\t<dt class='gallery-icon landscape'>\n\t\t\t\t<a href='https:\/\/echomar.com\/en\/36312_b-2\/'><img loading=\"lazy\" decoding=\"async\" width=\"230\" height=\"110\" src=\"https:\/\/echomar.com\/wp-content\/uploads\/2025\/09\/36312_b.jpg\" class=\"attachment-large size-large\" alt=\"\" \/><\/a>\n\t\t\t<\/dt><\/dl><dl class='gallery-item'>\n\t\t\t<dt class='gallery-icon landscape'>\n\t\t\t\t<a href='https:\/\/echomar.com\/en\/axasgotra-2-2\/'><img loading=\"lazy\" decoding=\"async\" width=\"230\" height=\"110\" src=\"https:\/\/echomar.com\/wp-content\/uploads\/2025\/09\/axasgotra-1.jpg\" class=\"attachment-large size-large\" alt=\"\" \/><\/a>\n\t\t\t<\/dt><\/dl><dl class='gallery-item'>\n\t\t\t<dt class='gallery-icon landscape'>\n\t\t\t\t<a href='https:\/\/echomar.com\/en\/yapi_kredi-2\/'><img loading=\"lazy\" decoding=\"async\" width=\"230\" height=\"110\" src=\"https:\/\/echomar.com\/wp-content\/uploads\/2025\/09\/yapi_kredi.jpg\" class=\"attachment-large size-large\" alt=\"\" \/><\/a>\n\t\t\t<\/dt><\/dl><br style=\"clear: both\" \/><dl class='gallery-item'>\n\t\t\t<dt class='gallery-icon landscape'>\n\t\t\t\t<a href='https:\/\/echomar.com\/en\/fortis-bank-2\/'><img loading=\"lazy\" decoding=\"async\" width=\"230\" height=\"110\" src=\"https:\/\/echomar.com\/wp-content\/uploads\/2025\/09\/fortis-bank.jpg\" class=\"attachment-large size-large\" alt=\"\" \/><\/a>\n\t\t\t<\/dt><\/dl><dl class='gallery-item'>\n\t\t\t<dt class='gallery-icon landscape'>\n\t\t\t\t<a href='https:\/\/echomar.com\/en\/ziraat-sigorta-2\/'><img loading=\"lazy\" decoding=\"async\" width=\"230\" height=\"110\" src=\"https:\/\/echomar.com\/wp-content\/uploads\/2025\/09\/ziraat-sigorta.jpg\" class=\"attachment-large size-large\" alt=\"\" \/><\/a>\n\t\t\t<\/dt><\/dl><dl class='gallery-item'>\n\t\t\t<dt class='gallery-icon landscape'>\n\t\t\t\t<a href='https:\/\/echomar.com\/en\/simay_sompo_japan-2\/'><img loading=\"lazy\" decoding=\"async\" width=\"230\" height=\"110\" src=\"https:\/\/echomar.com\/wp-content\/uploads\/2025\/09\/simay_sompo_japan.jpg\" class=\"attachment-large size-large\" alt=\"\" \/><\/a>\n\t\t\t<\/dt><\/dl><br style=\"clear: both\" \/><dl class='gallery-item'>\n\t\t\t<dt class='gallery-icon landscape'>\n\t\t\t\t<a href='https:\/\/echomar.com\/en\/ray1-2\/'><img loading=\"lazy\" decoding=\"async\" width=\"230\" height=\"110\" src=\"https:\/\/echomar.com\/wp-content\/uploads\/2025\/09\/ray1.jpg\" class=\"attachment-large size-large\" alt=\"\" \/><\/a>\n\t\t\t<\/dt><\/dl><dl class='gallery-item'>\n\t\t\t<dt class='gallery-icon landscape'>\n\t\t\t\t<a href='https:\/\/echomar.com\/en\/halksigorta-2\/'><img loading=\"lazy\" decoding=\"async\" width=\"230\" height=\"110\" src=\"https:\/\/echomar.com\/wp-content\/uploads\/2025\/09\/halksigorta.jpg\" class=\"attachment-large size-large\" alt=\"\" \/><\/a>\n\t\t\t<\/dt><\/dl><dl class='gallery-item'>\n\t\t\t<dt class='gallery-icon landscape'>\n\t\t\t\t<a href='https:\/\/echomar.com\/en\/compugroup_medical-2\/'><img loading=\"lazy\" decoding=\"async\" width=\"230\" height=\"110\" src=\"https:\/\/echomar.com\/wp-content\/uploads\/2025\/09\/compugroup_medical.png\" class=\"attachment-large size-large\" alt=\"\" \/><\/a>\n\t\t\t<\/dt><\/dl><br style=\"clear: both\" \/><dl class='gallery-item'>\n\t\t\t<dt class='gallery-icon landscape'>\n\t\t\t\t<a href='https:\/\/echomar.com\/en\/ak_sigorta_2-2\/'><img loading=\"lazy\" decoding=\"async\" width=\"230\" height=\"110\" src=\"https:\/\/echomar.com\/wp-content\/uploads\/2025\/09\/Ak_Sigorta_2.jpg\" class=\"attachment-large size-large\" alt=\"\" \/><\/a>\n\t\t\t<\/dt><\/dl><dl class='gallery-item'>\n\t\t\t<dt class='gallery-icon landscape'>\n\t\t\t\t<a href='https:\/\/echomar.com\/en\/dubaigroupsigorta-2\/'><img loading=\"lazy\" decoding=\"async\" width=\"230\" height=\"110\" src=\"https:\/\/echomar.com\/wp-content\/uploads\/2025\/09\/DubaiGroupSigorta.png\" class=\"attachment-large size-large\" alt=\"\" \/><\/a>\n\t\t\t<\/dt><\/dl><dl class='gallery-item'>\n\t\t\t<dt class='gallery-icon landscape'>\n\t\t\t\t<a href='https:\/\/echomar.com\/en\/metlife-2-2\/'><img loading=\"lazy\" decoding=\"async\" width=\"230\" height=\"110\" src=\"https:\/\/echomar.com\/wp-content\/uploads\/2025\/09\/MetLife-1.jpg\" class=\"attachment-large size-large\" alt=\"\" \/><\/a>\n\t\t\t<\/dt><\/dl><br style=\"clear: both\" \/><dl class='gallery-item'>\n\t\t\t<dt class='gallery-icon landscape'>\n\t\t\t\t<a href='https:\/\/echomar.com\/en\/print-3\/'><img loading=\"lazy\" decoding=\"async\" width=\"230\" height=\"110\" src=\"https:\/\/echomar.com\/wp-content\/uploads\/2025\/09\/eureko-sigorta.jpg\" class=\"attachment-large size-large\" alt=\"\" \/><\/a>\n\t\t\t<\/dt><\/dl><dl class='gallery-item'>\n\t\t\t<dt class='gallery-icon landscape'>\n\t\t\t\t<a href='https:\/\/echomar.com\/en\/ergo-sigorta-2\/'><img loading=\"lazy\" decoding=\"async\" width=\"230\" height=\"110\" src=\"https:\/\/echomar.com\/wp-content\/uploads\/2025\/09\/ergo-sigorta.jpg\" class=\"attachment-large size-large\" alt=\"\" \/><\/a>\n\t\t\t<\/dt><\/dl><dl class='gallery-item'>\n\t\t\t<dt class='gallery-icon landscape'>\n\t\t\t\t<a href='https:\/\/echomar.com\/en\/gunes-sigorta-2\/'><img loading=\"lazy\" decoding=\"async\" width=\"230\" height=\"110\" src=\"https:\/\/echomar.com\/wp-content\/uploads\/2025\/09\/gunes-sigorta.jpg\" class=\"attachment-large size-large\" alt=\"\" \/><\/a>\n\t\t\t<\/dt><\/dl><br style=\"clear: both\" \/>\n\t\t<\/div>\n\n<h2>PRIVATE INSURANCES<\/h2>\n<ul>\n<li><strong>ALLIANZ INSURANCE INC.<\/strong><\/li>\n<li><strong>ACIBADEM HEALTH AND LIFE INSURANCE INC.<\/strong><\/li>\n<li><strong>AIG INSURANCE INC.<\/strong><\/li>\n<li><strong>AK INSURANCE INC.<\/strong><\/li>\n<li><strong>AKBANK T.A.\u015e MEMBERS PENSION FUND FOUNDATION<\/strong><\/li>\n<li><strong>ANKARA ANONYM TURK INSURANCE COMPANY<\/strong><\/li>\n<li><strong>AXA INSURANCE INC.<\/strong><\/li>\n<li><strong>CGM COMPUGROUP MEDICAL and INSTITUTIONS INCLUDED IN THE SERVICE AGREEMENT<\/strong>\n<ul>\n<li><em>Fortis Bank Fund (Employees \u2013 Retirees and Dependents)<\/em><\/li>\n<li><em>Ankara Anonym Turk Insurance<\/em><\/li>\n<li><em>Ziraat Insurance<\/em><\/li>\n<li><em>Sompo Insurance (Fiba)<\/em><\/li>\n<li><em>Halk Insurance<\/em><\/li>\n<li><em>Ray Insurance<\/em><\/li>\n<li><em>Zurich Insurance<\/em><\/li>\n<li><em>HDI Insurance (Emergency Comprehensive Policies)<\/em><\/li>\n<li><em>Generali Insurance<\/em><\/li>\n<li><em>Chubb European Group (Personal Accident Insurance Hospital Treatment Coverage)<\/em><\/li>\n<li><em>Gulf Insurance (Former AIG Insurance)<\/em><\/li>\n<li><em>Corpus Insurance (Corpus Insurance Inc.) (Former Turkland Insurance)<\/em><\/li>\n<li><em>Kat\u0131l\u0131m Pension (Kat\u0131l\u0131m Pension and Life Inc.)<\/em><\/li>\n<\/ul>\n<\/li>\n<li><strong>DEMIR LIFE INSURANCE INC.<\/strong><\/li>\n<li><strong>DUBAI STARR INSURANCE INC.<\/strong><\/li>\n<li><strong>ERGO INSURANCE INC.<\/strong><\/li>\n<li><strong>EUREKO INSURANCE INC.<\/strong><\/li>\n<li><strong>G\u00dcNE\u015e INSURANCE INC.<\/strong><\/li>\n<li><strong>HDI INSURANCE INC.<\/strong><\/li>\n<li><strong>HALK INSURANCE INC.<\/strong><\/li>\n<li><strong>IMECE SUPPORT CONSULTING SERVICES INC.<\/strong>\n<ul>\n<li>DO\u011eA INSURANCE<\/li>\n<li>HALK INSURANCE<\/li>\n<li>KATILIM PENSION<\/li>\n<li>MAGDEBURGER INSURANCE<\/li>\n<li>TURK NIPPON INSURANCE<\/li>\n<li>UNICO<\/li>\n<\/ul>\n<\/li>\n<li><strong>MAPFRE GENERAL INSURANCE INC.<\/strong><\/li>\n<li><strong>MED-NED INSURANCE INC.<\/strong><\/li>\n<li><strong>PROMED INSURANCE INC.<\/strong><\/li>\n<li><strong>RAY INSURANCE INC.<\/strong><\/li>\n<li><strong>SOMPO JAPAN INSURANCE INC.<\/strong><\/li>\n<li><strong>ZIRAAT INSURANCE INC.<\/strong><\/li>\n<li><strong>ZURICH INSURANCE INC.<\/strong><\/li>\n<\/ul>\n<h2>BANKS<\/h2>\n<ul>\n<li>ASYA PARTICIPATION BANK INC.<\/li>\n<li>FORTIS BANK INC. MEMBERS<\/li>\n<li>HALK BANK INC. HEADQUARTERS<\/li>\n<li>TURKIYE HALK BANK INC. PENSION FUND FOUNDATION<\/li>\n<li>\u015eEKERBANK INC. PERSONNEL SOCIAL<\/li>\n<li>TURKIYE INDUSTRIAL DEVELOPMENT BANK INC.<\/li>\n<li>TURKIYE VAKIFLAR BANK INC.<\/li>\n<li>YAPI AND KREDI BANK INC. MEMBERS AID<\/li>\n<li>AKBANK T.A.\u015e MEMBERS PENSION FUND MEMBERS<\/li>\n<li>CENTRAL BANK<\/li>\n<\/ul>\n<h2>OFFICIAL INSTITUTIONS<\/h2>\n<ul>\n<li>CENTRAL REGISTRY AGENCY<\/li>\n<li>SAVINGS DEPOSIT INSURANCE FUND<\/li>\n<\/ul>\n<h2>CONTRACTED INSTITUTIONS<\/h2>\n<ul>\n<li>ISTANBUL SPORTS CLUB<\/li>\n<li>DAR\u00dc\u015e\u015eAFAKA SPORTS CLUB<\/li>\n<li>ALARM HEALTH SERVICES IND. TRADE INC.<\/li>\n<li>DR. BACK UP<\/li>\n<li>PRIVATE UMUT IVF CENTER<\/li>\n<li>TWO MEN HEALTH SERVICES<\/li>\n<li>MEDLINE \u2013 HOME SERVICE<\/li>\n<li>TURKISH HUMAN RIGHTS FOUNDATION ISTANBUL REPRESENTATIVE<\/li>\n<li>INTER PARTNER ASSISTANCE HELP AND<\/li>\n<li>MED CHECK LIFE SUPPORT SERVICE ORG. AND TRADE LTD. CO.<\/li>\n<li>HEALTH ISTANBUL HEALTH INVESTMENTS AND MANAGEMENT<\/li>\n<li>CHECK-UP CENTER<\/li>\n<li>ISTANBUL CHAMBER OF INDUSTRY<\/li>\n<li>ISTANBUL FINANCE FOUNDATION \u2013 ISMAV<\/li>\n<li>TURKISH FOOTBALL FEDERATION AMATEUR<\/li>\n<li>IVI IVF CENTER<\/li>\n<li>ISTANBUL CHAMBER OF COMMERCE MEMBERS<\/li>\n<li>ISTANBUL CHAMBER OF COMMERCE EMPLOYEES<\/li>\n<li>B-FIT HEALTH &amp; SPORTS CENTER<\/li>\n<li>M\u00dcS\u0130AD \u2013 INDEPENDENT INDUSTRIALISTS AND BUSINESSMEN ASSOCIATION<\/li>\n<li>TURK TELECOM (VITTA CARD)<\/li>\n<\/ul>\n","protected":false},"excerpt":{"rendered":"<p>PRIVATE INSURANCES ALLIANZ INSURANCE INC. ACIBADEM HEALTH AND LIFE INSURANCE INC. AIG INSURANCE INC. AK INSURANCE INC. AKBANK T.A.\u015e MEMBERS PENSION FUND FOUNDATION ANKARA ANONYM TURK INSURANCE COMPANY AXA INSURANCE INC. CGM COMPUGROUP MEDICAL and INSTITUTIONS INCLUDED IN THE SERVICE AGREEMENT Fortis Bank Fund (Employees \u2013 Retirees and Dependents) Ankara Anonym Turk Insurance Ziraat Insurance [&hellip;]<\/p>\n","protected":false},"author":1,"featured_media":0,"parent":0,"menu_order":0,"comment_status":"closed","ping_status":"closed","template":"","meta":{"footnotes":""},"class_list":["post-180","page","type-page","status-publish","hentry"],"_links":{"self":[{"href":"https:\/\/echomar.com\/en\/wp-json\/wp\/v2\/pages\/180","targetHints":{"allow":["GET"]}}],"collection":[{"href":"https:\/\/echomar.com\/en\/wp-json\/wp\/v2\/pages"}],"about":[{"href":"https:\/\/echomar.com\/en\/wp-json\/wp\/v2\/types\/page"}],"author":[{"embeddable":true,"href":"https:\/\/echomar.com\/en\/wp-json\/wp\/v2\/users\/1"}],"replies":[{"embeddable":true,"href":"https:\/\/echomar.com\/en\/wp-json\/wp\/v2\/comments?post=180"}],"version-history":[{"count":0,"href":"https:\/\/echomar.com\/en\/wp-json\/wp\/v2\/pages\/180\/revisions"}],"wp:attachment":[{"href":"https:\/\/echomar.com\/en\/wp-json\/wp\/v2\/media?parent=180"}],"curies":[{"name":"wp","href":"https:\/\/api.w.org\/{rel}","templated":true}]}}